{"id":96,"date":"2025-01-02T16:30:46","date_gmt":"2025-01-02T16:30:46","guid":{"rendered":"https:\/\/sabineschueller.com\/?page_id=96"},"modified":"2025-09-05T15:22:06","modified_gmt":"2025-09-05T13:22:06","slug":"speakerin","status":"publish","type":"page","link":"https:\/\/sabineschueller.com\/?page_id=96","title":{"rendered":"SPEAKERIN"},"content":{"rendered":"\n<h4 class=\"wp-block-heading\">Keynotes, die Frequenz ver\u00e4ndern<\/h4>\n\n\n\n<p>Wenn ich spreche, geht es nicht <strong>nur um Worte<\/strong> \u2013 es geht <strong>um Resonanz.<\/strong> Meine Keynotes \u00f6ffnen R\u00e4ume, in denen Zuh\u00f6rer:innen nicht <strong>nur h\u00f6ren<\/strong>, sondern <strong>f\u00fchlen.<\/strong><\/p>\n\n\n\n<p>Themen wie <strong>Authentische Pr\u00e4senz, Innere Stimme, Klarheit<\/strong> in <strong>Kommunikation<\/strong> und <strong>F\u00fchrung <\/strong>bringe ich auf die B\u00fchne \u2013 lebendig, transformierend und praktisch anwendbar.<\/p>\n\n\n\n<p>Mein Ziel ist, <strong>Menschen mit ihrer Essenz zu verbinden<\/strong> und so eine <strong>neue Art von F\u00fchrung, Ausdruck<\/strong> und <strong>Miteinander<\/strong> zu inspirieren. <strong>Unternehmen <\/strong>und <strong>Organisationen erleben, <\/strong>wie <strong>Stimme<\/strong> und <strong>Pr\u00e4senz<\/strong> nicht nur <strong>Kommunikation, <\/strong>sondern ganze <strong>Unternehmenskulturen ver\u00e4ndern <\/strong>k\u00f6nnen.<br><br><strong>Ich sorge daf\u00fcr, dass der Funken \u00fcberspringt.<\/strong><\/p>\n\n\n\n<p>Der Funken <strong>Begeisterung<\/strong>, gepaart mit <strong>Motivation<\/strong> und <strong>Inspiration.<\/strong> Meine Keynote Speeches leben, wie meine anderen Arbeitsbereiche auch, von der Verbindung aus <strong>Energie<\/strong> und <strong>Strategie.<\/strong> Was nutzt der sch\u00f6nste systematisch geplante Vortrag, wenn die <strong>Inspiration fehlt, das Feuer?&nbsp;<\/strong>Und was glauben sie wie lange h\u00e4lt das Gef\u00fchl an, etwas voranzubringen, zu bewegen, zu ver\u00e4ndern, wenn wir uns nicht mit <strong>dem Gesagten verbunden f\u00fchlen? <\/strong>Maximal bis zum B\u00fcfett \u2026<\/p>\n\n\n\n<p>Gemeinsam mit meinen Auftraggebern erarbeite ich das Thema meiner Keynotes, <strong>kreativ und systematisch zugleich. <\/strong>Mit dem Ziel: eine Speech zu halten, die <strong>in Erinnerung bleibt,<\/strong> und <strong>neue Impulse setzt!<\/strong><\/p>\n\n\n\n<p>Themenschwerpunkte:<\/p>\n\n\n\n<ul class=\"wp-block-list\">\n<li>Motivation: Set your world on fire!<\/li>\n\n\n\n<li>Inspiration<\/li>\n\n\n\n<li>Kommunikation<\/li>\n\n\n\n<li>Level up your energy!<\/li>\n\n\n\n<li>Strategie trifft auf Energie<\/li>\n\n\n\n<li>Spiritualit\u00e4t und Kommunikation<\/li>\n\n\n\n<li>Verbindung zu mir selbst \u2013 Verbindung zu dir!<\/li>\n<\/ul>\n\n\n\n<div class=\"wp-block-buttons is-layout-flex wp-block-buttons-is-layout-flex\">\n<div class=\"wp-block-button\"><a class=\"wp-block-button__link wp-element-button\" href=\"mailto:schueller@klang-lust.de\" target=\"_blank\" rel=\"noreferrer noopener\">Sprich mich an!<\/a><\/div>\n<\/div>\n\n\n\n<p><\/p>\n","protected":false},"excerpt":{"rendered":"<p>Keynotes, die Frequenz ver\u00e4ndern Wenn ich spreche, geht es nicht nur um Worte \u2013 es geht um Resonanz. Meine Keynotes \u00f6ffnen R\u00e4ume, in denen Zuh\u00f6rer:innen nicht nur h\u00f6ren, sondern f\u00fchlen. Themen wie Authentische Pr\u00e4senz, Innere Stimme, Klarheit in Kommunikation und F\u00fchrung bringe ich auf die B\u00fchne \u2013 lebendig, transformierend und praktisch anwendbar. Mein Ziel ist, [&hellip;]<\/p>\n","protected":false},"author":1,"featured_media":64,"parent":0,"menu_order":0,"comment_status":"closed","ping_status":"closed","template":"","meta":{"footnotes":""},"class_list":["post-96","page","type-page","status-publish","has-post-thumbnail","hentry"],"_links":{"self":[{"href":"https:\/\/sabineschueller.com\/index.php?rest_route=\/wp\/v2\/pages\/96","targetHints":{"allow":["GET"]}}],"collection":[{"href":"https:\/\/sabineschueller.com\/index.php?rest_route=\/wp\/v2\/pages"}],"about":[{"href":"https:\/\/sabineschueller.com\/index.php?rest_route=\/wp\/v2\/types\/page"}],"author":[{"embeddable":true,"href":"https:\/\/sabineschueller.com\/index.php?rest_route=\/wp\/v2\/users\/1"}],"replies":[{"embeddable":true,"href":"https:\/\/sabineschueller.com\/index.php?rest_route=%2Fwp%2Fv2%2Fcomments&post=96"}],"version-history":[{"count":6,"href":"https:\/\/sabineschueller.com\/index.php?rest_route=\/wp\/v2\/pages\/96\/revisions"}],"predecessor-version":[{"id":2997,"href":"https:\/\/sabineschueller.com\/index.php?rest_route=\/wp\/v2\/pages\/96\/revisions\/2997"}],"wp:featuredmedia":[{"embeddable":true,"href":"https:\/\/sabineschueller.com\/index.php?rest_route=\/wp\/v2\/media\/64"}],"wp:attachment":[{"href":"https:\/\/sabineschueller.com\/index.php?rest_route=%2Fwp%2Fv2%2Fmedia&parent=96"}],"curies":[{"name":"wp","href":"https:\/\/api.w.org\/{rel}","templated":true}]}}