{"id":2784,"date":"2025-01-11T13:07:38","date_gmt":"2025-01-11T12:07:38","guid":{"rendered":"https:\/\/sabineschueller.com\/?page_id=2784"},"modified":"2025-09-05T15:19:39","modified_gmt":"2025-09-05T13:19:39","slug":"unternehmen","status":"publish","type":"page","link":"https:\/\/sabineschueller.com\/?page_id=2784","title":{"rendered":"UNTERNEHMEN"},"content":{"rendered":"\n<p><strong>Shifte die Energie <\/strong>in deinem Unternehmen:<br><br>Es ist Zeit f\u00fcr Next Level. Sowohl die <strong>Au\u00dfenkommunikation <\/strong>als auch die <strong>interne Kommunikation<\/strong> deines Unternehmens soll herausstechen? Sich abheben von den \u00fcblichen Ratschl\u00e4gen? Dann bist du hier genau richtig. Neben den <strong>strategischen Tools<\/strong> der Kommunikation, die ganz sicher ihre Berechtigung haben, bildet die <strong>Energiearbeit das Fundament.<\/strong> Nur wer seine <strong>Energie shiftet,<\/strong> kann auch <strong>andere Ergebnisse erzielen.<\/strong> Zusammen bilden sie ein <strong>unschlagbares Tandem.<\/strong> <strong>Nachhaltig profitiert<\/strong> jeder <strong>Einzelne, <\/strong>das <strong>Team, <\/strong>als auch f\u00fcr die <strong>gesamte Unternehmenskommunikation<\/strong> von meinen Angeboten:<br><br>&#8211; Tagesretreat VIBRANT SPEAKING (erweiterbar auf eineinhalb bis zwei Tage)<br>&#8211; 1:1 Mentoring<br>&#8211; Voice-Branding<br>&#8211; Impulsvortrag oder Speach auf deinem Event<br><br>Weiterf\u00fchrende Infos lasse ich dir gerne zukommen!<br><br>Nichts ist so individuell, wie ein Unternehmen. Sprich mich pers\u00f6nlich an. Gemeinsam kreieren wir DEIN Angebot!<\/p>\n\n\n\n<div class=\"wp-block-buttons is-layout-flex wp-block-buttons-is-layout-flex\">\n<div class=\"wp-block-button\"><a class=\"wp-block-button__link wp-element-button\" href=\"mailto:schueller@klang-lust.de\">Schreib mir!<\/a><\/div>\n<\/div>\n\n\n\n<p><strong>Mein besonderes Programm f\u00fcr Dein Unternehmen &#8211; Retreat<br><\/strong><br>M\u00f6chtet DU und dein Unternehmen st\u00e4rker in Gesundheitsmanagement, Stressreduktion und Mitarbeiterbindung investieren. Mein <strong>Ansatz ist einzigartig, <\/strong>weil er <strong>drei starke Wirkfelder<\/strong> miteinander <strong>kombiniert:<\/strong> <strong>Yoga &amp; Bewegung<\/strong>, <strong>\u00e4therische \u00d6le<\/strong> als <strong>sinnlich-energetische Begleitung<\/strong> und meine <strong>Expertise in Stimme, Sprechtraining, Pr\u00e4senz &amp; Kommunikation. <\/strong>Dieses Retreat ist mehr als Gesundheitsmanagement \u2013 es ist eine Investition in die <strong>Lebendigkeit, Resilienz und Kommunikationskraft Ihres Teams.<\/strong><\/p>\n\n\n\n<p><strong>Programm<\/strong><\/p>\n\n\n\n<p><strong>Corporate Vibrance Retreat f\u00fcr Unternehmen \u2013 Frequenz, Stimme und Gesundheit in Einklang<\/strong><\/p>\n\n\n\n<p>Im <strong>Corporate Vibrance Retreat <\/strong>verbinde ich <strong>drei Ebenen, die im Unternehmenskontext<\/strong> oft getrennt gedacht werden, und genau deshalb <strong>so kraftvoll sind, wenn sie zusammenkommen:<\/strong><\/p>\n\n\n\n<ul class=\"wp-block-list\">\n<li><strong>Energetisch:<\/strong> <strong>Frequenzarbeit <\/strong>mit Yoga, Atem und \u00e4therischen \u00d6len <strong>reguliert das Nervensystem,<\/strong> <strong>baut Stress nachhaltig ab <\/strong>und bringt <strong>Mitarbeiter zur\u00fcck in ihre Balance.<\/strong><\/li>\n\n\n\n<li><strong>Strategisch:<\/strong> Stimm- und Sprechtraining st\u00e4rkt <strong>Klarheit, Ausdruck und Pr\u00e4senz<\/strong> \u2013 entscheidende Faktoren f\u00fcr <strong>erfolgreiche Teamkommunikation, F\u00fchrung und Kundengespr\u00e4che.<\/strong><\/li>\n\n\n\n<li><strong>Ganzheitlich:<\/strong> Bewegung, Regeneration und bewusster Ausdruck greifen ineinander, sodass <strong>nachhaltige Transformation <\/strong>m\u00f6glich wird \u2013 f\u00fcr <strong>den Einzelnen <\/strong>und f\u00fcr<strong> das gesamte Team.<\/strong><\/li>\n<\/ul>\n\n\n\n<p>Starke Unternehmen brauchen Mitarbeiter, die nicht nur <strong>leistungsf\u00e4hig,<\/strong> sondern auch <strong>gesund, pr\u00e4sent<\/strong> und<strong> klar <\/strong>in ihrer <strong>Kommunikation<\/strong> sind. Mein einzigartiges Retreat-Konzept verbindet <strong>Gesundheitsvorsorge, Stressregulation<\/strong> und <strong>Stimmtraining <\/strong>zu einem Erlebnis, das K\u00f6rper, Geist und Stimme nachhaltig st\u00e4rkt.<\/p>\n\n\n\n<p>In einer Arbeitswelt, die immer schneller und komplexer wird, sind innere Ruhe, Resilienz und gesunde Kommunikation entscheidende Erfolgsfaktoren. Mit meinem Retreat-Format biete ich Unternehmen ein innovatives Gesundheitsmanagement, das weit \u00fcber klassische Angebote hinausgeht.<\/p>\n\n\n\n<p><strong>Das Besondere: <\/strong>Ich kombiniere Yoga und K\u00f6rperarbeit zur Entspannung und Regeneration, \u00e4therische \u00d6le f\u00fcr Sinneswahrnehmung, innere Balance und Nervensystem-Regulierung sowie mein Stimm- und Sprechtraining f\u00fcr klare, wirkungsvolle Kommunikation.<\/p>\n\n\n\n<p><strong>Inhalte &amp; Wirkung:<\/strong><\/p>\n\n\n\n<ul class=\"wp-block-list\">\n<li>Yoga &amp; K\u00f6rperarbeit: Stressreduktion, Flexibilit\u00e4t, neue Energie, Entspannung, innere Stabilit\u00e4t<\/li>\n\n\n\n<li>\u00c4therische \u00d6le: Regulation des Nervensystems, Klarheit, Konzentration, Fokussierung<\/li>\n\n\n\n<li>Frequenzarbeit: Teams schwingen sich auf Ruhe, Balance und Lebendigkeit ein<\/li>\n\n\n\n<li>Stimm- &amp; Sprechtraining: klare Kommunikation, authentische Pr\u00e4senz, Ausdruckskraft<\/li>\n\n\n\n<li>Transfer in den Alltag: Methoden, die Mitarbeiter sofort umsetzen k\u00f6nnen<\/li>\n\n\n\n<li>Resilienz &amp; Entspannung: Methoden, die sofort in den Arbeitsalltag \u00fcbertragbar sind<\/li>\n<\/ul>\n\n\n\n<p><strong>Formate:<\/strong><\/p>\n\n\n\n<ul class=\"wp-block-list\">\n<li>Tagesretreat (empfohlen) \u2013 eine intensive Auszeit mit nachhaltiger Wirkung f\u00fcr Teams &amp; Abteilungen<\/li>\n\n\n\n<li>Halbtagesretreat \u2013 kompakt f\u00fcr Teams f\u00fcr erste Impulse<\/li>\n\n\n\n<li>Wochenendretreat \u2013 Vertiefung f\u00fcr F\u00fchrungskr\u00e4fte und High-Performer &amp; Teamentwicklung<\/li>\n<\/ul>\n\n\n\n<p><strong>Nutzen f\u00fcr Ihr Unternehmen:<\/strong><\/p>\n\n\n\n<ul class=\"wp-block-list\">\n<li>Gesunde, resiliente und kommunikativ starke Mitarbeiter<\/li>\n\n\n\n<li>Mehr Klarheit in Meetings, Pr\u00e4sentationen und im Kundenkontakt<\/li>\n\n\n\n<li>Stresspr\u00e4vention und Burnout-Prophylaxe<\/li>\n\n\n\n<li>St\u00e4rkung von Teamgeist und Innovationsf\u00e4higkeit<\/li>\n\n\n\n<li>Modernes Employer Branding durch ein einzigartiges, unverwechselbares Retreat-Angebot<\/li>\n<\/ul>\n\n\n\n<p>Das Corporate Vibrance Retreat schafft nicht nur <strong>Entlastung im Moment,<\/strong> sondern \u00f6ffnet einen <strong>Raum f\u00fcr Gesundheit, Frequenz und Ausdruckskraft. <\/strong>Ihr Team geht <strong>gest\u00e4rkt, klar und pr\u00e4sent in den Alltag zur\u00fcck <\/strong>\u2013 und <strong>tr\u00e4gt diese Energie in Ihr Unternehmen.<\/strong><\/p>\n\n\n\n<p>Gesund. Entspannt. Ausdrucksstark.<\/p>\n\n\n\n<p>Nichts ist so individuell, wie ein Unternehmen. Sprich mich pers\u00f6nlich an. Gemeinsam kreieren wir DEIN Angebot!<\/p>\n\n\n\n<div class=\"wp-block-buttons is-layout-flex wp-block-buttons-is-layout-flex\">\n<div class=\"wp-block-button\"><a class=\"wp-block-button__link wp-element-button\" href=\"mailto:schueller@klang-lust.de\">Melde dich bei mir!<\/a><\/div>\n<\/div>\n\n\n\n<p><\/p>\n","protected":false},"excerpt":{"rendered":"<p>Shifte die Energie in deinem Unternehmen: Es ist Zeit f\u00fcr Next Level. Sowohl die Au\u00dfenkommunikation als auch die interne Kommunikation deines Unternehmens soll herausstechen? Sich abheben von den \u00fcblichen Ratschl\u00e4gen? Dann bist du hier genau richtig. Neben den strategischen Tools der Kommunikation, die ganz sicher ihre Berechtigung haben, bildet die Energiearbeit das Fundament. Nur wer [&hellip;]<\/p>\n","protected":false},"author":1,"featured_media":45,"parent":0,"menu_order":0,"comment_status":"closed","ping_status":"closed","template":"","meta":{"footnotes":""},"class_list":["post-2784","page","type-page","status-publish","has-post-thumbnail","hentry"],"_links":{"self":[{"href":"https:\/\/sabineschueller.com\/index.php?rest_route=\/wp\/v2\/pages\/2784","targetHints":{"allow":["GET"]}}],"collection":[{"href":"https:\/\/sabineschueller.com\/index.php?rest_route=\/wp\/v2\/pages"}],"about":[{"href":"https:\/\/sabineschueller.com\/index.php?rest_route=\/wp\/v2\/types\/page"}],"author":[{"embeddable":true,"href":"https:\/\/sabineschueller.com\/index.php?rest_route=\/wp\/v2\/users\/1"}],"replies":[{"embeddable":true,"href":"https:\/\/sabineschueller.com\/index.php?rest_route=%2Fwp%2Fv2%2Fcomments&post=2784"}],"version-history":[{"count":5,"href":"https:\/\/sabineschueller.com\/index.php?rest_route=\/wp\/v2\/pages\/2784\/revisions"}],"predecessor-version":[{"id":2996,"href":"https:\/\/sabineschueller.com\/index.php?rest_route=\/wp\/v2\/pages\/2784\/revisions\/2996"}],"wp:featuredmedia":[{"embeddable":true,"href":"https:\/\/sabineschueller.com\/index.php?rest_route=\/wp\/v2\/media\/45"}],"wp:attachment":[{"href":"https:\/\/sabineschueller.com\/index.php?rest_route=%2Fwp%2Fv2%2Fmedia&parent=2784"}],"curies":[{"name":"wp","href":"https:\/\/api.w.org\/{rel}","templated":true}]}}