{"id":2614,"date":"2025-01-04T13:12:29","date_gmt":"2025-01-04T13:12:29","guid":{"rendered":"https:\/\/sabineschueller.com\/?page_id=2614"},"modified":"2025-09-05T12:32:06","modified_gmt":"2025-09-05T10:32:06","slug":"welcome","status":"publish","type":"page","link":"https:\/\/sabineschueller.com\/","title":{"rendered":"VIBRANT SPEAKING"},"content":{"rendered":"\n<h2 class=\"wp-block-heading\">Die Welt braucht deine Stimme!<\/h2>\n\n\n\n<h5 class=\"wp-block-heading\"><em>Es ist Zeit deiner Seele zuzuh\u00f6ren.<br>Es ist Zeit deine Stimme zu erheben.<br>Es ist Zeit f\u00fcr Next Level.<br>Steh auf, wachse \u00fcber dich hinaus, scheine und inspiriere Andere!<\/em><\/h5>\n\n\n\n<p><strong>Ich stehe f\u00fcr Kommunikation, die verbindet, und zwar ganzheitlich!<\/strong><\/p>\n\n\n\n<p>Als Gr\u00fcnderin von <strong><em>Vibrant Speaking \u2013 The Inner Voice Method\u2122<\/em><\/strong> stehe ich f\u00fcr die Verbindung von Stimme, innerer Wahrheit und authentischer Wirkung.<br><br>Deine Stimme ist mehr als Klang \u2013 sie ist der <strong>Ausdruck deiner Essenz.<\/strong> In einer Welt, die oft von Lautst\u00e4rke, Rollen und Erwartungen gepr\u00e4gt ist, begleite ich dich zur\u00fcck zu <strong>deiner inneren Wahrheit.<\/strong> Ich verbinde <strong>Stimmtraining mit Energiearbeit<\/strong> und <strong>schaffe R\u00e4ume,<\/strong> in denen <strong>du dich erinnerst, wer du wirklich bist.<\/strong><\/p>\n\n\n\n<p>Ob auf der <strong>B\u00fchne<\/strong>, im <strong>Business<\/strong> oder im <strong>Alltag:<\/strong> Meine Arbeit <strong>entfaltet Klarheit, Pr\u00e4senz<\/strong> und <strong>eine Strahlkraft,<\/strong> die nicht trainiert, sondern <strong>verk\u00f6rpert ist.<\/strong> Du findest <strong>deine Frequenz<\/strong> \u2013 und von dort <strong>wirkt deine Stimme.<br><\/strong><br>Wir packen das Problem bei der Wurzel an, und gehen tief, so tief, dass du danach\u00a0<strong>ein anderer Mensch bist<\/strong>: dir deiner\u00a0<strong>selbst bewusst, sicher, \u00fcberzeugend, klar\u00a0<\/strong>und\u00a0<strong>authentisch<\/strong>!<\/p>\n\n\n\n<p>Nie wieder bereitet dir das Sprechen vor anderen Unbehagen, dein P<strong>ublikum liebt es dir zuzuh\u00f6ren<\/strong>, und du zeigst dich mit allem, was im Verborgenen immer schon in dir gesteckt hat. Unverwechselbar und strahlend\u00a0<strong>begeisterst du mit Leichtigkeit!<\/strong><br>Dein\u00a0<strong>inneres Wachstum shiftet dein Ergebnis in der Welt!<\/strong><\/p>\n\n\n\n<p>Ich liebe es Menschen zu inspirieren, und sie dabei zu unterst\u00fctzen f\u00fcr sich loszugehen. Wenn du&nbsp;<strong>geh\u00f6rt werden willst<\/strong>, und dass nicht nur im Business, dann bist du hier genau richtig.<\/p>\n\n\n\n<p>Es ist an der Zeit,&nbsp;<strong>zu strahlen <\/strong>und <strong>zu wirken<\/strong>, wie es schon&nbsp;<strong>immer f\u00fcr dich vorgesehen war.<\/strong><\/p>\n\n\n\n<p class=\"has-text-align-center\"><strong>Kurzvideo zu meiner Methode Vibrant-Speaking:<\/strong><br><\/p>\n\n\n\n<div class=\"wp-block-columns is-layout-flex wp-container-core-columns-is-layout-1 wp-block-columns-is-layout-flex\">\n<div class=\"wp-block-column is-layout-flow wp-block-column-is-layout-flow\"><\/div>\n\n\n\n<div class=\"wp-block-column is-layout-flow wp-block-column-is-layout-flow\">\n<figure class=\"wp-block-video\"><video controls src=\"https:\/\/sabineschueller.com\/wp-content\/uploads\/2025\/01\/S_klein-2.mp4\"><\/video><\/figure>\n<\/div>\n\n\n\n<div class=\"wp-block-column is-layout-flow wp-block-column-is-layout-flow\"><\/div>\n<\/div>\n\n\n\n<p><\/p>\n","protected":false},"excerpt":{"rendered":"<p>Die Welt braucht deine Stimme! Es ist Zeit deiner Seele zuzuh\u00f6ren.Es ist Zeit deine Stimme zu erheben.Es ist Zeit f\u00fcr Next Level.Steh auf, wachse \u00fcber dich hinaus, scheine und inspiriere Andere! Ich stehe f\u00fcr Kommunikation, die verbindet, und zwar ganzheitlich! Als Gr\u00fcnderin von Vibrant Speaking \u2013 The Inner Voice Method\u2122 stehe ich f\u00fcr die Verbindung [&hellip;]<\/p>\n","protected":false},"author":1,"featured_media":56,"parent":0,"menu_order":0,"comment_status":"closed","ping_status":"closed","template":"","meta":{"footnotes":""},"class_list":["post-2614","page","type-page","status-publish","has-post-thumbnail","hentry"],"_links":{"self":[{"href":"https:\/\/sabineschueller.com\/index.php?rest_route=\/wp\/v2\/pages\/2614","targetHints":{"allow":["GET"]}}],"collection":[{"href":"https:\/\/sabineschueller.com\/index.php?rest_route=\/wp\/v2\/pages"}],"about":[{"href":"https:\/\/sabineschueller.com\/index.php?rest_route=\/wp\/v2\/types\/page"}],"author":[{"embeddable":true,"href":"https:\/\/sabineschueller.com\/index.php?rest_route=\/wp\/v2\/users\/1"}],"replies":[{"embeddable":true,"href":"https:\/\/sabineschueller.com\/index.php?rest_route=%2Fwp%2Fv2%2Fcomments&post=2614"}],"version-history":[{"count":34,"href":"https:\/\/sabineschueller.com\/index.php?rest_route=\/wp\/v2\/pages\/2614\/revisions"}],"predecessor-version":[{"id":2984,"href":"https:\/\/sabineschueller.com\/index.php?rest_route=\/wp\/v2\/pages\/2614\/revisions\/2984"}],"wp:featuredmedia":[{"embeddable":true,"href":"https:\/\/sabineschueller.com\/index.php?rest_route=\/wp\/v2\/media\/56"}],"wp:attachment":[{"href":"https:\/\/sabineschueller.com\/index.php?rest_route=%2Fwp%2Fv2%2Fmedia&parent=2614"}],"curies":[{"name":"wp","href":"https:\/\/api.w.org\/{rel}","templated":true}]}}