{"id":2501,"date":"2025-01-03T12:43:36","date_gmt":"2021-02-26T11:05:31","guid":{"rendered":"https:\/\/sabineschueller.com\/testimonials-2\/"},"modified":"2025-08-29T12:17:03","modified_gmt":"2025-08-29T10:17:03","slug":"testimonials-2","status":"publish","type":"page","link":"https:\/\/sabineschueller.com\/?page_id=2501","title":{"rendered":"TESTIMONIALS"},"content":{"rendered":"\n<p><strong>Zu meinen Individual-Programmen<\/strong><\/p>\n\n\n\n<p>Der Workshop war f\u00fcr mich eine unglaublich bereichernde Erfahrung. Sabine bringt durch ihre eigene Geschichte ein tiefes Wissen und ein authentisches Warum mit, das sp\u00fcrbar macht, wie sehr sie ihren Weg gefunden hat und genau dadurch etwas geschaffen hat, das uns allen hilft.<br>Besonders die Meditation war sehr heilsam. Ein altes Thema aus meiner Kindheit kam hoch und hat mir noch einmal gezeigt, warum es mir manchmal schwerf\u00e4llt, mich zu zeigen oder mir etwas zuzutrauen. Dieser Prozess war tief bewegend und hat mir wichtige Erkenntnisse geschenkt.<br>Sabine selbst war voller Ruhe, Integrit\u00e4t und Pr\u00e4senz. Sie hat den Raum f\u00fcr uns alle liebevoll gehalten, sodass ich mich sicher und getragen gef\u00fchlt habe. Diese Atmosph\u00e4re war f\u00fcr mich sehr wertvoll.<br>Mit ihrem Wissen, ihrer Klarheit und ihrer authentischen Art hat Sabine etwas in mir angesto\u00dfen, das nachhaltig wirken wird. Daf\u00fcr bin ich sehr dankbar und ich kann ihr Programm von Herzen weiterempfehlen.<br><em>Jessica Megow<\/em><\/p>\n\n\n\n<p>Sabine hat mich mit ihrem Workshop \u201eMeine innere Stimme\u201c total abgeholt. Ich bin durch ihre angeleitete Meditation an einen sehr wunden Punkt gekommen und konnte mir somit eine tief sitzende Blockade anschauen und diese aufl\u00f6sen. Der Workshop hat mir pers\u00f6nlich Wachstum und Heilung gebracht und das (Selbst-) Bewusstsein dar\u00fcber, mich selbst mutiger zum Ausdruck zu bringen. Danke, liebe Sabine!<br><em>Sara Miehe<\/em><\/p>\n\n\n\n<p>Der Workshop zum Finden der eigenen Stimme war f\u00fcr mich pers\u00f6nlich sehr bewegend. Die tiefe Meditation zu Beginn half mir, innere Ruhe und Klarheit zu finden. Sabine hat die Atmosph\u00e4re perfekt gef\u00fchrt und das Thema mit viel Empathie begleitet. Ihre Worte f\u00fchlten sich ehrlich und inspirierend an.<br>Die praktischen Tipps in Verbindung mit passenden \u00e4therischen \u00d6len waren konkret und sofort umsetzbar und haben zu einer sp\u00fcrbaren, authentischen Pr\u00e4senz im Team gef\u00fchrt.<br>Danke liebe Sabine, dass du uns auf dieser Reise begleitet und ermutigt hast.<br><em>Eva Diele<\/em><\/p>\n\n\n\n<p>Der Workshop mit Sabine zur inneren Stimme war f\u00fcr mich eine unglaublich intensive und aufschlussreiche Erfahrung. Ich sp\u00fcre, dass der Ruf meiner inneren Stimme dadurch noch deutlicher aktiviert wurde und ich bin sehr gespannt, welche Impulse und Erkenntnisse sich in n\u00e4chster Zeit zeigen werden. Sabine hat mit viel Herz, Tiefe und Klarheit durch den Prozess gef\u00fchrt. F\u00fcr alle, die ihrer inneren Stimme n\u00e4herkommen und ihr vertrauen m\u00f6chten, ist dieser Workshop eine absolute Herzensempfehlung. <br><em>Kathrin S.<\/em><\/p>\n\n\n\n<p><br><strong>Meine Kunden<\/strong><\/p>\n\n\n\n<p>\u00dcber die vielen Jahre meiner Arbeit in der Medienbranche durfte ich mit verschiedensten Unternehmen (H\u00f6rbuch-Verlagen, Verlage, \u00f6ffentliche Einrichtungen, Ministerien, Studios, TV- und Funk, etc.) mein Wissen als <strong>Speaking-Coach <\/strong>und auch meine <strong>Stimme teilen<\/strong>, wie zum Beispiel:<\/p>\n\n\n\n<p><strong>Alanus Hochschule f\u00fcr Kunst und Gesellschaft<\/strong><br><br><strong>Bundesministerium f\u00fcr Wirtschaft und Klimaschutz<\/strong><br><br><strong>Beratungsstelle gegen sexualisierte Gewalt<\/strong><br><br><strong>cap communications \u2013 Agentur f\u00fcr Marketing und Werbung<\/strong><br><br><strong>Eins64 \u2013 Agentur f\u00fcr Grafik-Design f\u00fcr Verb\u00e4nde und Unternehmen<\/strong><br><br><strong>Deutsche Welle<\/strong><br><br><strong>Agenturen und Redaktionen<\/strong><br><br><strong>Kath. Nachrichten-Agentur<\/strong><br><br><strong>Synchron- und Sprechert\u00e4tigkeit, diverse Studios und H\u00f6rbuchverlage<\/strong><\/p>\n\n\n\n<div class=\"wp-block-columns is-layout-flex wp-container-core-columns-is-layout-1 wp-block-columns-is-layout-flex\">\n<div class=\"wp-block-column is-layout-flow wp-block-column-is-layout-flow\">\n<blockquote class=\"wp-block-quote is-layout-flow wp-block-quote-is-layout-flow\">\n<p class=\"has-text-align-left\">Wir arbeiten f\u00fcr unsere Podcastproduktion gerne mit Frau Sch\u00fcller zusammen. Wir sch\u00e4tzen zum einen Ihre angenehme, vielseitige Stimmlage, andereseits funktioniert die zeitnahe sowie technische Umsetzung reibungslos. Auch wenn die Zeitfenster mal etwas enger sind, konnten wir uns stets auf Ihre professionelle Ausf\u00fchrung verlassen.<\/p>\n<cite><em>Daniela Hingst,&nbsp;cap-communications<\/em><\/cite><\/blockquote>\n\n\n\n<blockquote class=\"wp-block-quote is-layout-flow wp-block-quote-is-layout-flow\"><\/blockquote>\n\n\n\n<p>Unser Team profitiert nachhaltig von den Impulsen durch das Mentoring-Programm f\u00fcr Unternehmen, das individuell auf uns abgestimmt wurde. Unsere interne Kommunikation ist um ein vielfaches besser geworden, wir agieren jetzt viel mehr miteinander. Der Teamgeist hat sich sehr verbessert, danke daf\u00fcr von Herzen!<\/p>\n\n\n\n<p><em>Vanessa Sameer, AK Consulting<\/em> <\/p>\n<\/div>\n<\/div>\n\n\n\n<div class=\"wp-block-columns is-layout-flex wp-container-core-columns-is-layout-2 wp-block-columns-is-layout-flex\"><\/div>\n\n\n\n<div class=\"wp-block-columns is-layout-flex wp-container-core-columns-is-layout-3 wp-block-columns-is-layout-flex\">\n<div class=\"wp-block-column is-layout-flow wp-block-column-is-layout-flow\" style=\"flex-basis:33%\"><\/div>\n<\/div>\n\n\n\n<p><\/p>\n","protected":false},"excerpt":{"rendered":"<p>Zu meinen Individual-Programmen Der Workshop war f\u00fcr mich eine unglaublich bereichernde Erfahrung. Sabine bringt durch ihre eigene Geschichte ein tiefes Wissen und ein authentisches Warum mit, das sp\u00fcrbar macht, wie sehr sie ihren Weg gefunden hat und genau dadurch etwas geschaffen hat, das uns allen hilft.Besonders die Meditation war sehr heilsam. Ein altes Thema aus [&hellip;]<\/p>\n","protected":false},"author":1,"featured_media":0,"parent":0,"menu_order":0,"comment_status":"closed","ping_status":"closed","template":"","meta":{"footnotes":""},"class_list":["post-2501","page","type-page","status-publish","hentry"],"_links":{"self":[{"href":"https:\/\/sabineschueller.com\/index.php?rest_route=\/wp\/v2\/pages\/2501","targetHints":{"allow":["GET"]}}],"collection":[{"href":"https:\/\/sabineschueller.com\/index.php?rest_route=\/wp\/v2\/pages"}],"about":[{"href":"https:\/\/sabineschueller.com\/index.php?rest_route=\/wp\/v2\/types\/page"}],"author":[{"embeddable":true,"href":"https:\/\/sabineschueller.com\/index.php?rest_route=\/wp\/v2\/users\/1"}],"replies":[{"embeddable":true,"href":"https:\/\/sabineschueller.com\/index.php?rest_route=%2Fwp%2Fv2%2Fcomments&post=2501"}],"version-history":[{"count":7,"href":"https:\/\/sabineschueller.com\/index.php?rest_route=\/wp\/v2\/pages\/2501\/revisions"}],"predecessor-version":[{"id":2981,"href":"https:\/\/sabineschueller.com\/index.php?rest_route=\/wp\/v2\/pages\/2501\/revisions\/2981"}],"wp:attachment":[{"href":"https:\/\/sabineschueller.com\/index.php?rest_route=%2Fwp%2Fv2%2Fmedia&parent=2501"}],"curies":[{"name":"wp","href":"https:\/\/api.w.org\/{rel}","templated":true}]}}