{"id":114,"date":"2025-01-03T12:07:52","date_gmt":"2025-01-03T12:07:52","guid":{"rendered":"https:\/\/sabineschueller.com\/?page_id=114"},"modified":"2025-01-21T12:18:50","modified_gmt":"2025-01-21T11:18:50","slug":"sprecherin","status":"publish","type":"page","link":"https:\/\/sabineschueller.com\/?page_id=114","title":{"rendered":"SPRECHERIN"},"content":{"rendered":"\n<p>Worauf kannst du dich <strong>immer verlassen<\/strong>, wenn es um deine <strong>Art zu kommunizieren geht?<\/strong> Bei mir war und ist es immer <strong>meine Stimme<\/strong> gewesen, und es freut mich sehr, dies auch oft zu h\u00f6ren! Mein Wirken als Sprecherin, und Andere dabei zu unterst\u00fctzen, ist mein <strong>absolutes Herzensbusiness.<\/strong> Ich liebe es die ganze Palette der Ausdrucksm\u00f6glichkeiten zu nutzen. Meine Ausbildungen als <strong>Sprecherin, Sprecherzieherin<\/strong> und <strong>Keynote<\/strong> <strong>Speakerin <\/strong>lassen mich aus einem fundierten und <strong>reichen Repertoire<\/strong> sch\u00f6pfen, um das bestm\u00f6gliche Ergebnis f\u00fcr meine Kunden zu erzielen. Meine absolute Genius Zone &#8211; I really love it!&nbsp;<\/p>\n\n\n\n<p>Ich vertone:&nbsp;<\/p>\n\n\n\n<p>&#8211; H\u00f6rb\u00fccher<br>&#8211; Meditationen<br>&#8211; Geschichten\/Erz\u00e4hlungen<br>&#8211; Gedichte<br>&#8211; Podcasts<br>&#8211; Beitr\u00e4ge<br>&#8211; Werbung<br>&#8211; Synchront\u00e4tigkeit<br>&#8211; Voice-Overs u.v.m.<br><br><em><strong>Gerne erstelle ich dir ein Demo f\u00fcr dein akustisches Projekt!<\/strong><\/em><br><br>Sprachaufnahmen im eigenen, professionellen Studio m\u00f6glich!<br><\/p>\n\n\n\n<div class=\"wp-block-buttons is-layout-flex wp-block-buttons-is-layout-flex\">\n<div class=\"wp-block-button\"><a class=\"wp-block-button__link wp-element-button\" href=\"mailto:schueller@klang-lust.de\">Anfragen<\/a><\/div>\n<\/div>\n\n\n\n<div class=\"wp-block-columns is-layout-flex wp-container-core-columns-is-layout-1 wp-block-columns-is-layout-flex\">\n<div class=\"wp-block-column is-layout-flow wp-block-column-is-layout-flow\">\n<figure class=\"wp-block-video\"><video controls src=\"https:\/\/sabineschueller.com\/wp-content\/uploads\/2025\/01\/ei_charismatisch_neu.mp4\"><\/video><\/figure>\n<\/div>\n\n\n\n<div class=\"wp-block-column is-layout-flow wp-block-column-is-layout-flow\">\n<figure class=\"wp-block-video\"><video controls src=\"https:\/\/sabineschueller.com\/wp-content\/uploads\/2025\/01\/Hoeren_fuehlst_neu.mp4\"><\/video><\/figure>\n<\/div>\n\n\n\n<div class=\"wp-block-column is-layout-flow wp-block-column-is-layout-flow\">\n<figure class=\"wp-block-video\"><video controls src=\"https:\/\/sabineschueller.com\/wp-content\/uploads\/2025\/01\/Balance_-Meditation.mp4\"><\/video><\/figure>\n<\/div>\n<\/div>\n\n\n\n<p><\/p>\n","protected":false},"excerpt":{"rendered":"<p>Worauf kannst du dich immer verlassen, wenn es um deine Art zu kommunizieren geht? Bei mir war und ist es immer meine Stimme gewesen, und es freut mich sehr, dies auch oft zu h\u00f6ren! Mein Wirken als Sprecherin, und Andere dabei zu unterst\u00fctzen, ist mein absolutes Herzensbusiness. Ich liebe es die ganze Palette der Ausdrucksm\u00f6glichkeiten [&hellip;]<\/p>\n","protected":false},"author":1,"featured_media":46,"parent":0,"menu_order":0,"comment_status":"closed","ping_status":"closed","template":"","meta":{"footnotes":""},"class_list":["post-114","page","type-page","status-publish","has-post-thumbnail","hentry"],"_links":{"self":[{"href":"https:\/\/sabineschueller.com\/index.php?rest_route=\/wp\/v2\/pages\/114","targetHints":{"allow":["GET"]}}],"collection":[{"href":"https:\/\/sabineschueller.com\/index.php?rest_route=\/wp\/v2\/pages"}],"about":[{"href":"https:\/\/sabineschueller.com\/index.php?rest_route=\/wp\/v2\/types\/page"}],"author":[{"embeddable":true,"href":"https:\/\/sabineschueller.com\/index.php?rest_route=\/wp\/v2\/users\/1"}],"replies":[{"embeddable":true,"href":"https:\/\/sabineschueller.com\/index.php?rest_route=%2Fwp%2Fv2%2Fcomments&post=114"}],"version-history":[{"count":5,"href":"https:\/\/sabineschueller.com\/index.php?rest_route=\/wp\/v2\/pages\/114\/revisions"}],"predecessor-version":[{"id":2961,"href":"https:\/\/sabineschueller.com\/index.php?rest_route=\/wp\/v2\/pages\/114\/revisions\/2961"}],"wp:featuredmedia":[{"embeddable":true,"href":"https:\/\/sabineschueller.com\/index.php?rest_route=\/wp\/v2\/media\/46"}],"wp:attachment":[{"href":"https:\/\/sabineschueller.com\/index.php?rest_route=%2Fwp%2Fv2%2Fmedia&parent=114"}],"curies":[{"name":"wp","href":"https:\/\/api.w.org\/{rel}","templated":true}]}}