{"id":102,"date":"2025-01-02T16:31:36","date_gmt":"2025-01-02T16:31:36","guid":{"rendered":"https:\/\/sabineschueller.com\/?page_id=102"},"modified":"2025-09-05T15:23:35","modified_gmt":"2025-09-05T13:23:35","slug":"kontakt","status":"publish","type":"page","link":"https:\/\/sabineschueller.com\/?page_id=102","title":{"rendered":"KONTAKT"},"content":{"rendered":"\n<figure class=\"wp-block-image size-full\"><img fetchpriority=\"high\" decoding=\"async\" width=\"400\" height=\"444\" src=\"https:\/\/sabineschueller.com\/wp-content\/uploads\/2025\/01\/Sabine_400px.jpg\" alt=\"\" class=\"wp-image-63\" srcset=\"https:\/\/sabineschueller.com\/wp-content\/uploads\/2025\/01\/Sabine_400px.jpg 400w, https:\/\/sabineschueller.com\/wp-content\/uploads\/2025\/01\/Sabine_400px-270x300.jpg 270w\" sizes=\"(max-width: 400px) 100vw, 400px\" \/><\/figure>\n\n\n\n<p>Willst du erfahren, wie <strong>du auf Andere wirkst?<\/strong> Deine <strong>Pr\u00e4senz <\/strong>und <strong>Ausstrahlung upleveln?<\/strong><br>Endlich <strong>geh\u00f6rt und gesehen<\/strong> werden, ob online oder wenn du einen Raum betrittst?&nbsp;<br><br>Oder suchst du eine <strong>Sprecherin <\/strong>f\u00fcr dein akustisches Projekt?&nbsp;<br><br>Fehlt auf deinem Event noch das gewisse Extra, der <strong>ma\u00dfgeschneiderte Impulsvortrag<\/strong> zu deinem Programm, der ber\u00fchrt und gewegt? Als <strong>Keynote-Speakerin<\/strong>, liebe ich es, <strong>Menschen zu inspirieren<\/strong>, immer mit einer Mischung aus Humor, Energie und Tiefgang.<\/p>\n\n\n\n<p>F\u00fcr&nbsp;<strong>Unternehmen<\/strong>&nbsp;(Teambildungsma\u00dfnahmen, Fortbildungen etc.) &amp; auf Events biete ich meinen Kunden&nbsp;<strong>ma\u00dfgeschneiderte Konzepte<\/strong>&nbsp;an!<\/p>\n\n\n\n<p>Dann melde dich bei mir! Ich freue mich auf dich!<\/p>\n\n\n\n<p>Schreib mir und wir vereinbaren ein Beratungsgespr\u00e4ch:&nbsp;<\/p>\n\n\n\n<div class=\"wp-block-buttons is-layout-flex wp-block-buttons-is-layout-flex\">\n<div class=\"wp-block-button\"><a class=\"wp-block-button__link wp-element-button\" href=\"mailto:schueller@klang-lust.de\" target=\"_blank\" rel=\"noreferrer noopener\">Kontaktiere mich<\/a><\/div>\n<\/div>\n\n\n\n<p>Deine Sabine Sch\u00fcller<\/p>\n\n\n\n<p><\/p>\n","protected":false},"excerpt":{"rendered":"<p>Willst du erfahren, wie du auf Andere wirkst? Deine Pr\u00e4senz und Ausstrahlung upleveln?Endlich geh\u00f6rt und gesehen werden, ob online oder wenn du einen Raum betrittst?&nbsp; Oder suchst du eine Sprecherin f\u00fcr dein akustisches Projekt?&nbsp; Fehlt auf deinem Event noch das gewisse Extra, der ma\u00dfgeschneiderte Impulsvortrag zu deinem Programm, der ber\u00fchrt und gewegt? Als Keynote-Speakerin, liebe [&hellip;]<\/p>\n","protected":false},"author":1,"featured_media":0,"parent":0,"menu_order":0,"comment_status":"closed","ping_status":"closed","template":"","meta":{"footnotes":""},"class_list":["post-102","page","type-page","status-publish","hentry"],"_links":{"self":[{"href":"https:\/\/sabineschueller.com\/index.php?rest_route=\/wp\/v2\/pages\/102","targetHints":{"allow":["GET"]}}],"collection":[{"href":"https:\/\/sabineschueller.com\/index.php?rest_route=\/wp\/v2\/pages"}],"about":[{"href":"https:\/\/sabineschueller.com\/index.php?rest_route=\/wp\/v2\/types\/page"}],"author":[{"embeddable":true,"href":"https:\/\/sabineschueller.com\/index.php?rest_route=\/wp\/v2\/users\/1"}],"replies":[{"embeddable":true,"href":"https:\/\/sabineschueller.com\/index.php?rest_route=%2Fwp%2Fv2%2Fcomments&post=102"}],"version-history":[{"count":8,"href":"https:\/\/sabineschueller.com\/index.php?rest_route=\/wp\/v2\/pages\/102\/revisions"}],"predecessor-version":[{"id":2999,"href":"https:\/\/sabineschueller.com\/index.php?rest_route=\/wp\/v2\/pages\/102\/revisions\/2999"}],"wp:attachment":[{"href":"https:\/\/sabineschueller.com\/index.php?rest_route=%2Fwp%2Fv2%2Fmedia&parent=102"}],"curies":[{"name":"wp","href":"https:\/\/api.w.org\/{rel}","templated":true}]}}