{"id":100,"date":"2025-01-02T16:31:18","date_gmt":"2025-01-02T16:31:18","guid":{"rendered":"https:\/\/sabineschueller.com\/?page_id=100"},"modified":"2025-09-05T12:39:46","modified_gmt":"2025-09-05T10:39:46","slug":"ueber-mich","status":"publish","type":"page","link":"https:\/\/sabineschueller.com\/?page_id=100","title":{"rendered":"\u00dcBER MICH"},"content":{"rendered":"\n<p><em>Gemacht um dein Feuer zu entfachen!\u2028<br><\/em><br><strong>Frequenzhalterin &amp; Wegbegleiterin<\/strong><\/p>\n\n\n\n<p>Ich bin Sabine Sch\u00fcller \u2013 <strong><em>Frequenzhalterin, Stimm- und Sprechmentorin, Keynote-Speakerin. <\/em><\/strong>Meine Gabe liegt darin, die <strong>feine Schwingung hinter deinen Worten wahrzunehmen<\/strong> und dich mit <strong>deiner wahren Frequenz zu verbinden.<\/strong><\/p>\n\n\n\n<p>Mein Weg f\u00fchrte mich durch B\u00fchne, Business und spirituelle Praxis. Heute verbinde ich diese Dimensionen, um dir <strong>nicht nur Techniken,<\/strong> sondern einen <strong>energetischen Zugang zu deiner Stimme &amp; Kommunikation zu er\u00f6ffnen.<\/strong><\/p>\n\n\n\n<p>Ich <strong>halte den Raum,<\/strong> in dem du sicher wirst, <strong>dein Innerstes nach au\u00dfen zu bringen<\/strong> \u2013 <strong>klar, wahrhaftig und lebendig.<\/strong><br><br>Neugierig und offen, liebe ich es Neues zu entdecken &amp; Menschen zu inspirieren \u00fcber sich hinauszuwachsen!<br><br>Ich werde nicht m\u00fcde, immer offen f\u00fcr Neues, mir <strong>frische Impulse<\/strong> aus den <strong>verschiedensten Bereichen<\/strong> anzueignen, um euch dann mit <strong>kreativen L\u00f6sungen zu inspirieren, euren Weg zu gehen!<\/strong><br>Und das von einem sicheren Ort. Und dieser sichere Ort sind <strong>wir selbst. <\/strong>Wenn wir im <strong>Inneren klar <\/strong>sind, sind wir das <strong>auch im Au\u00dfen!<\/strong> Das erstaunliche ist, man h\u00f6rt sofort, ob etwas nicht stimmig ist. Wir entlarven uns, ob wir nun wollen oder nicht.<br><br><strong>Ein bisschen VITA darf sein:<\/strong><br>Ich arbeite als Journalistin (Redakteurin\/Bild-Redakteurin), Sprecherin und Sprecherzieherin, das ist die Basis meiner Profession.<\/p>\n\n\n\n<p>Mein pers\u00f6nliches Fundament bleibt mein Wissensdurst. Ich liebe es Neues zu entdecken, zu lernen, zu wachsen! Ich mag Fotos, die Sprechkunst, Yoga und \u00e4therische \u00d6le, all das geh\u00f6rt zu meinem Leben, und beeinflusst auch meine Arbeit. Im Zentrum steht dabei immer <strong>die Kommunikation \u2013 die Verbindung.<\/strong><\/p>\n\n\n\n<p>Studiert habe ich Politikwissenschaften, Kunstgeschichte, Soziologie und Medienkommunikation. Jahre sp\u00e4ter bin ich zur <strong>Sprecherin <\/strong>ausgebildet worden<strong>. <\/strong>Da war mein Feuer f\u00fcr die \u201eM\u00fcndliche Kommunikation\u201c endg\u00fcltig entfacht. Ich wollte das Wissen an Andere weiter geben k\u00f6nnen, und so habe ich in D\u00fcsseldorf dann noch <strong>Sprecherziehung und Sprechwissenschaften studiert.<\/strong> 2024 habe ich dann mit einer <strong>Speaker-Ausbildung<\/strong> mein Wissen um das &#8222;gesprochene Wort&#8220; komplettiert.<br>Immer geht es darum <strong>in Beziehung zu sein, zu kommunizieren. <\/strong>Meine <strong>Yogalehrerausbildung<\/strong> erg\u00e4nzt den Bereich der <strong>K\u00f6rperarbeit &amp; Atemtechnik,<\/strong> um mit innerer Klarheit, sicher im Au\u00dfen aufzutreten.<\/p>\n\n\n\n<p><\/p>\n","protected":false},"excerpt":{"rendered":"<p>Gemacht um dein Feuer zu entfachen!\u2028Frequenzhalterin &amp; Wegbegleiterin Ich bin Sabine Sch\u00fcller \u2013 Frequenzhalterin, Stimm- und Sprechmentorin, Keynote-Speakerin. Meine Gabe liegt darin, die feine Schwingung hinter deinen Worten wahrzunehmen und dich mit deiner wahren Frequenz zu verbinden. Mein Weg f\u00fchrte mich durch B\u00fchne, Business und spirituelle Praxis. Heute verbinde ich diese Dimensionen, um dir nicht [&hellip;]<\/p>\n","protected":false},"author":1,"featured_media":52,"parent":0,"menu_order":0,"comment_status":"closed","ping_status":"closed","template":"","meta":{"footnotes":""},"class_list":["post-100","page","type-page","status-publish","has-post-thumbnail","hentry"],"_links":{"self":[{"href":"https:\/\/sabineschueller.com\/index.php?rest_route=\/wp\/v2\/pages\/100","targetHints":{"allow":["GET"]}}],"collection":[{"href":"https:\/\/sabineschueller.com\/index.php?rest_route=\/wp\/v2\/pages"}],"about":[{"href":"https:\/\/sabineschueller.com\/index.php?rest_route=\/wp\/v2\/types\/page"}],"author":[{"embeddable":true,"href":"https:\/\/sabineschueller.com\/index.php?rest_route=\/wp\/v2\/users\/1"}],"replies":[{"embeddable":true,"href":"https:\/\/sabineschueller.com\/index.php?rest_route=%2Fwp%2Fv2%2Fcomments&post=100"}],"version-history":[{"count":6,"href":"https:\/\/sabineschueller.com\/index.php?rest_route=\/wp\/v2\/pages\/100\/revisions"}],"predecessor-version":[{"id":2986,"href":"https:\/\/sabineschueller.com\/index.php?rest_route=\/wp\/v2\/pages\/100\/revisions\/2986"}],"wp:featuredmedia":[{"embeddable":true,"href":"https:\/\/sabineschueller.com\/index.php?rest_route=\/wp\/v2\/media\/52"}],"wp:attachment":[{"href":"https:\/\/sabineschueller.com\/index.php?rest_route=%2Fwp%2Fv2%2Fmedia&parent=100"}],"curies":[{"name":"wp","href":"https:\/\/api.w.org\/{rel}","templated":true}]}}